{"id":9298,"date":"2025-02-25T10:31:06","date_gmt":"2025-02-25T09:31:06","guid":{"rendered":"https:\/\/nova-ava.de\/research-and-teaching\/"},"modified":"2025-10-28T08:09:33","modified_gmt":"2025-10-28T07:09:33","slug":"research-and-teaching","status":"publish","type":"page","link":"https:\/\/nova-ava.de\/en\/the-company\/research-and-teaching\/","title":{"rendered":"Research and teaching"},"content":{"rendered":"<ul>\n<li>\n  Home\n\t\t\t\t\t\t\t\t\t<\/li>\n<li>\n  The company\n\t\t\t\t\t\t\t\t\t<\/li>\n<li>\n  Research and teaching\n\t\t\t\t\t\t\t\t\t<\/li>\n<\/ul>\n<h1>NOVA AVA in research and teaching<\/h1>\n<p>More than 3000 students at 29 universities and universities of applied sciences already have access to NOVA AVA. We support educational institutions as well as individual students with free licenses. <\/p>\n<h2>Free university licenses<\/h2>\n<p>  NOVA AVA university licenses are free of charge and can be provided directly from the cloud without any installation or IT effort.<br \/>\nAs NOVA AVA is a web-only application, all you need to do is register an account. Then contact us and we will activate unlimited access for your students.<br \/>\nPractice-oriented training for model-based construction cost management could hardly be simpler.<br \/>\nWe also offer to familiarize your instructors with the most important features via webinar &#8211; also free of charge!<br \/>\n\t\t\t\t\t<a href=\"https:\/\/signup.avanova.de\/\" target=\"_blank\" rel=\"noopener\"><br \/>\n  Set up a university account<br \/>\n\t\t\t\t\t<\/a><br \/>\n\t\t\t\t\t<a role=\"button\"><br \/>\n  Contact us<br \/>\n\t\t\t\t\t<\/a><\/p>\n<h2>Free individual access for students<\/h2>\n<p>  Your college or university does not yet have NOVA AVA?<br \/>\nNo problem &#8211; register your own account and send us your certificate of enrollment.<br \/>\nWe will then activate your account until the end of the semester.<br \/>\nPrepare for your work of tomorrow with modern tools today. With NOVA AVA, you can use innovative modules for scheduling and cost planning, tendering, awarding, invoicing and controlling construction services.<br \/>\nAt the same time, you can easily familiarize yourself with the important IFC, BCF and GAEB file formats.<br \/>\n\t\t\t\t\t<a href=\"https:\/\/signup.avanova.de\/\" target=\"_blank\" rel=\"noopener\"><br \/>\n  Register individual access<br \/>\n\t\t\t\t\t<\/a><\/p>\n<h2>Our educational partners<\/h2>\n<p>These educational institutions are joining us on the path to the digital future of the construction industry.<\/p>\n<div class=\"bildungspartner-wrapper\"><div class=\"bildungspartner-container\"><div class=\"bildungspartner-item\"><img decoding=\"async\" src=\"https:\/\/nova-ava.de\/wp-content\/uploads\/21.png\" alt=\"Technische Universit\u00e4t Berlin Logo\" class=\"bildungspartner-logo\"><div class=\"bildungspartner-content\"><h3 class=\"bildungspartner-title\">Technische Universit\u00e4t Berlin<\/h3><h4 class=\"bildungspartner-subtitle\">University of Technology<\/h4><div class=\"bildungspartner-anschrift\"><p>TU Berlin<br \/>\nFakult\u00e4t VI - Planen Bauen Umwelt<br \/>\nStra\u00dfe des 17. Juni 152<br \/>\n10623 Berlin<\/p>\n<\/div><\/div><\/div><div class=\"bildungspartner-item\"><img decoding=\"async\" src=\"https:\/\/nova-ava.de\/wp-content\/uploads\/10.png\" alt=\"Hochschule Biberach Logo\" class=\"bildungspartner-logo\"><div class=\"bildungspartner-content\"><h3 class=\"bildungspartner-title\">Hochschule Biberach<\/h3><h4 class=\"bildungspartner-subtitle\">University of Applied Sciences<\/h4><div class=\"bildungspartner-anschrift\"><p>HBC. Biberach<br \/>\nGeb\u00e4ude D<br \/>\nRaustrasse 12<br \/>\n88400 Biberach<\/p>\n<\/div><\/div><\/div><div class=\"bildungspartner-item\"><img decoding=\"async\" src=\"https:\/\/nova-ava.de\/wp-content\/uploads\/3.png\" alt=\"Fachhochschule Bielefeld Logo\" class=\"bildungspartner-logo\"><div class=\"bildungspartner-content\"><h3 class=\"bildungspartner-title\">Fachhochschule Bielefeld<\/h3><h4 class=\"bildungspartner-subtitle\">University of Applied Sciences<\/h4><div class=\"bildungspartner-anschrift\"><p>Fachhochschule Bielefeld<br \/>\nCampus Minden<br \/>\nArtilleriestra\u00dfe 9<br \/>\n32477 Minden<\/p>\n<\/div><\/div><\/div><div class=\"bildungspartner-item\"><img decoding=\"async\" src=\"https:\/\/nova-ava.de\/wp-content\/uploads\/12.png\" alt=\"Hochschule Bochum Logo\" class=\"bildungspartner-logo\"><div class=\"bildungspartner-content\"><h3 class=\"bildungspartner-title\">Hochschule Bochum<\/h3><h4 class=\"bildungspartner-subtitle\">University of Applied Sciences<\/h4><div class=\"bildungspartner-anschrift\"><p>Hochschule Bochum<br \/>\nAm Hochschulcampus 1<br \/>\n44801 Bochum<\/p>\n<\/div><\/div><\/div><div class=\"bildungspartner-item\"><img decoding=\"async\" src=\"https:\/\/nova-ava.de\/wp-content\/uploads\/26.png\" alt=\"Ruhr-Universit\u00e4t Bochum Logo\" class=\"bildungspartner-logo\"><div class=\"bildungspartner-content\"><h3 class=\"bildungspartner-title\">Ruhr-Universit\u00e4t Bochum<\/h3><div class=\"bildungspartner-anschrift\"><p>Ruhr-Universit\u00e4t Bochum<br \/>\nGeb\u00e4ude IC 6-59<br \/>\nUniversit\u00e4tsstra\u00dfe 150<br \/>\n44780 Bochum<\/p>\n<\/div><\/div><\/div><div class=\"bildungspartner-item\"><img decoding=\"async\" src=\"https:\/\/nova-ava.de\/wp-content\/uploads\/Bildungseinrichtungen-.png\" alt=\"Technische Universit\u00e4t Darmstadt Logo\" class=\"bildungspartner-logo\"><div class=\"bildungspartner-content\"><h3 class=\"bildungspartner-title\">Technische Universit\u00e4t Darmstadt<\/h3><h4 class=\"bildungspartner-subtitle\">University of Technology<\/h4><div class=\"bildungspartner-anschrift\"><p>TU Darmstadt<br \/>\nInstitut f\u00fcr Baubetrieb<br \/>\nEl-Lissitzky-Stra\u00dfe 1<br \/>\n64287 Darmstadt<\/p>\n<\/div><\/div><\/div><div class=\"bildungspartner-item\"><img decoding=\"async\" src=\"https:\/\/nova-ava.de\/wp-content\/uploads\/28.png\" alt=\"Technische Universit\u00e4t Dortmund Logo\" class=\"bildungspartner-logo\"><div class=\"bildungspartner-content\"><h3 class=\"bildungspartner-title\">Technische Universit\u00e4t Dortmund<\/h3><h4 class=\"bildungspartner-subtitle\">University of Technology<\/h4><div class=\"bildungspartner-anschrift\"><p>TU Dortmund<br \/>\nLehrstuhl Immobilienentwicklung<br \/>\nFakult\u00e4t Raumplanung<br \/>\nGeb\u00e4ude 1, 2. OG, Raum 320<br \/>\nAugust-Schmidt-Stra\u00dfe 6<br \/>\n44227 Dortmund<\/p>\n<\/div><\/div><\/div><div class=\"bildungspartner-item\"><img decoding=\"async\" src=\"https:\/\/nova-ava.de\/wp-content\/uploads\/13.png\" alt=\"Hochschule D\u00fcsseldorf Logo\" class=\"bildungspartner-logo\"><div class=\"bildungspartner-content\"><h3 class=\"bildungspartner-title\">Hochschule D\u00fcsseldorf<\/h3><h4 class=\"bildungspartner-subtitle\">University of Applied Sciences<\/h4><div class=\"bildungspartner-anschrift\"><p>HSD D\u00fcsseldorf<br \/>\nM\u00fcnsterstra\u00dfe 156<br \/>\n40476 D\u00fcsseldorf<\/p>\n<\/div><\/div><\/div><div class=\"bildungspartner-item\"><img decoding=\"async\" src=\"https:\/\/nova-ava.de\/wp-content\/uploads\/4.png\" alt=\"Fachhochschule Erfurt Logo\" class=\"bildungspartner-logo\"><div class=\"bildungspartner-content\"><h3 class=\"bildungspartner-title\">Fachhochschule Erfurt<\/h3><h4 class=\"bildungspartner-subtitle\">University of Applied Sciences<\/h4><div class=\"bildungspartner-anschrift\"><p>FH Erfurt<br \/>\nFakult\u00e4t Architektur<br \/>\nSchl\u00fcterstra\u00dfe 1<br \/>\n99089 Erfurt<\/p>\n<\/div><\/div><\/div><div class=\"bildungspartner-item\"><img decoding=\"async\" src=\"https:\/\/nova-ava.de\/wp-content\/uploads\/23.png\" alt=\"HTBLA Hallstatt Logo\" class=\"bildungspartner-logo\"><div class=\"bildungspartner-content\"><h3 class=\"bildungspartner-title\">HTBLA Hallstatt<\/h3><h4 class=\"bildungspartner-subtitle\">HTL \/ Fachhochschulen \/ Meisterschulen<\/h4><div class=\"bildungspartner-anschrift\"><p>HTBLA Hallstatt<br \/>\nLahnstrasse 69<br \/>\nSalzkammergut \/ \u00d6sterreich<br \/>\nA-4830 Hallstatt<\/p>\n<\/div><\/div><\/div><div class=\"bildungspartner-item\"><img decoding=\"async\" src=\"https:\/\/nova-ava.de\/wp-content\/uploads\/7.png\" alt=\"hcu Hamburg Logo\" class=\"bildungspartner-logo\"><div class=\"bildungspartner-content\"><h3 class=\"bildungspartner-title\">hcu Hamburg<\/h3><h4 class=\"bildungspartner-subtitle\">Universit\u00e4t f\u00fcr Baukunst und Metropolenentwicklung<\/h4><div class=\"bildungspartner-anschrift\"><p>HafenCity Universit\u00e4t Hamburg<br \/>\nHenning-Voscherau-Platz 1<br \/>\n20457 Hamburg<\/p>\n<\/div><\/div><\/div><div class=\"bildungspartner-item\"><img decoding=\"async\" src=\"https:\/\/nova-ava.de\/wp-content\/uploads\/14.png\" alt=\"SRH Heidelberg Logo\" class=\"bildungspartner-logo\"><div class=\"bildungspartner-content\"><h3 class=\"bildungspartner-title\">SRH Heidelberg<\/h3><h4 class=\"bildungspartner-subtitle\">Staatlich anerkannte Hochschule<\/h4><div class=\"bildungspartner-anschrift\"><p>SRH Hochschule Heidelberg<br \/>\nBonhoefferstr. 11<br \/>\n69123 Heidelberg<\/p>\n<\/div><\/div><\/div><div class=\"bildungspartner-item\"><img decoding=\"async\" src=\"https:\/\/nova-ava.de\/wp-content\/uploads\/22.png\" alt=\"Technische Universit\u00e4t Kaiserslautern Logo\" class=\"bildungspartner-logo\"><div class=\"bildungspartner-content\"><h3 class=\"bildungspartner-title\">Technische Universit\u00e4t Kaiserslautern<\/h3><h4 class=\"bildungspartner-subtitle\">University of Applied Sciences<\/h4><div class=\"bildungspartner-anschrift\"><p>TU Kaiserslautern<br \/>\nPaul-Ehrlich-Stra\u00dfe<br \/>\nGeb\u00e4ude 14, Raum 203<br \/>\n67663 Kaiserslautern<\/p>\n<\/div><\/div><\/div><div class=\"bildungspartner-item\"><img decoding=\"async\" src=\"https:\/\/nova-ava.de\/wp-content\/uploads\/15.png\" alt=\"Hochschule Koblenz Logo\" class=\"bildungspartner-logo\"><div class=\"bildungspartner-content\"><h3 class=\"bildungspartner-title\">Hochschule Koblenz<\/h3><h4 class=\"bildungspartner-subtitle\">University of Applied Sciences<\/h4><div class=\"bildungspartner-anschrift\"><p>Hochschule Koblenz<br \/>\nRheinMosel Campus<br \/>\nFachbereich Bauen Kunst Werkstoffe<br \/>\nArchitektur<br \/>\nRaum M108<br \/>\nKonrad-Zuse-Str. 1<br \/>\n56075 Koblenz<\/p>\n<\/div><\/div><\/div><div class=\"bildungspartner-item\"><img decoding=\"async\" src=\"https:\/\/nova-ava.de\/wp-content\/uploads\/17.png\" alt=\"Hochschule Landshut Logo\" class=\"bildungspartner-logo\"><div class=\"bildungspartner-content\"><h3 class=\"bildungspartner-title\">Hochschule Landshut<\/h3><h4 class=\"bildungspartner-subtitle\">University of Applied Sciences<\/h4><div class=\"bildungspartner-anschrift\"><p>HAW Landshut<br \/>\nBaubetrieb und Bauabwicklung<br \/>\nAm Lurzenhof 1<br \/>\n84036 Landshut<\/p>\n<\/div><\/div><\/div><div class=\"bildungspartner-item\"><img decoding=\"async\" src=\"https:\/\/nova-ava.de\/wp-content\/uploads\/16.png\" alt=\"Hochschule f\u00fcr Technik, Wirtschaft und Kultur Leipzig Logo\" class=\"bildungspartner-logo\"><div class=\"bildungspartner-content\"><h3 class=\"bildungspartner-title\">Hochschule f\u00fcr Technik, Wirtschaft und Kultur Leipzig<\/h3><h4 class=\"bildungspartner-subtitle\">University of Applied Sciences<\/h4><div class=\"bildungspartner-anschrift\"><p>HTWK Leipzig<br \/>\nKarl-Liebknecht-Str. 132<br \/>\n04251 Leipzig<\/p>\n<\/div><\/div><\/div><div class=\"bildungspartner-item\"><img decoding=\"async\" src=\"https:\/\/nova-ava.de\/wp-content\/uploads\/18.png\" alt=\"Hochschule Mainz Logo\" class=\"bildungspartner-logo\"><div class=\"bildungspartner-content\"><h3 class=\"bildungspartner-title\">Hochschule Mainz<\/h3><h4 class=\"bildungspartner-subtitle\">University of Applied Sciences<\/h4><div class=\"bildungspartner-anschrift\"><p>HS Mainz<br \/>\nHolzstra\u00dfe 36<br \/>\n55116 Mainz<\/p>\n<\/div><\/div><\/div><div class=\"bildungspartner-item\"><img decoding=\"async\" src=\"https:\/\/nova-ava.de\/wp-content\/uploads\/9.png\" alt=\"Hochschule M\u00fcnchen Logo\" class=\"bildungspartner-logo\"><div class=\"bildungspartner-content\"><h3 class=\"bildungspartner-title\">Hochschule M\u00fcnchen<\/h3><h4 class=\"bildungspartner-subtitle\">University of Applied Sciences<\/h4><div class=\"bildungspartner-anschrift\"><p>Hochschule M\u00fcnchen \u2013 Fakult\u00e4t Bauingenieurwesen<br \/>\nKarlstra\u00dfe 6<br \/>\n80333 M\u00fcnchen<\/p>\n<\/div><\/div><\/div><div class=\"bildungspartner-item\"><img decoding=\"async\" src=\"https:\/\/nova-ava.de\/wp-content\/uploads\/29.png\" alt=\"Technische Universit\u00e4t M\u00fcnchen Logo\" class=\"bildungspartner-logo\"><div class=\"bildungspartner-content\"><h3 class=\"bildungspartner-title\">Technische Universit\u00e4t M\u00fcnchen<\/h3><h4 class=\"bildungspartner-subtitle\">University of Applied Sciences<\/h4><div class=\"bildungspartner-anschrift\"><p>TU M\u00fcnchen<br \/>\nArcisstr. 21<br \/>\n80333 M\u00fcnchen<\/p>\n<\/div><\/div><\/div><div class=\"bildungspartner-item\"><img decoding=\"async\" src=\"https:\/\/nova-ava.de\/wp-content\/uploads\/19.png\" alt=\"Jade Hochschule Wilhelmshaven \/ Oldenburg \/ Elsfleth Logo\" class=\"bildungspartner-logo\"><div class=\"bildungspartner-content\"><h3 class=\"bildungspartner-title\">Jade Hochschule Wilhelmshaven \/ Oldenburg \/ Elsfleth<\/h3><h4 class=\"bildungspartner-subtitle\">University of Applied Sciences<\/h4><div class=\"bildungspartner-anschrift\"><p>Jade Hochschule<br \/>\nFachbereich Architektur<br \/>\nOfener Stra\u00dfe 15\/16\/19<br \/>\n26121 Oldenburg<\/p>\n<\/div><\/div><\/div><div class=\"bildungspartner-item\"><img decoding=\"async\" src=\"https:\/\/nova-ava.de\/wp-content\/uploads\/25.png\" alt=\"Ostbayerische Technische Hochschule Regensburg Logo\" class=\"bildungspartner-logo\"><div class=\"bildungspartner-content\"><h3 class=\"bildungspartner-title\">Ostbayerische Technische Hochschule Regensburg<\/h3><div class=\"bildungspartner-anschrift\"><p>OTH Regensburg<br \/>\nSeybothstra\u00dfe 2<br \/>\n93053 Regensburg<\/p>\n<\/div><\/div><\/div><div class=\"bildungspartner-item\"><img decoding=\"async\" src=\"https:\/\/nova-ava.de\/wp-content\/uploads\/24.png\" alt=\"Hochschule f\u00fcr Technik und Wirtschaft des Saarlandes Logo\" class=\"bildungspartner-logo\"><div class=\"bildungspartner-content\"><h3 class=\"bildungspartner-title\">Hochschule f\u00fcr Technik und Wirtschaft des Saarlandes<\/h3><h4 class=\"bildungspartner-subtitle\">University of Applied Sciences<\/h4><div class=\"bildungspartner-anschrift\"><p>Campus G\u00f6ttelborn<br \/>\nAm Campus 4-5<br \/>\n66287 Quierschied-G\u00f6ttelborn<\/p>\n<\/div><\/div><\/div><div class=\"bildungspartner-item\"><img decoding=\"async\" src=\"https:\/\/nova-ava.de\/wp-content\/uploads\/6.png\" alt=\"Fachhochschule Salzburg Logo\" class=\"bildungspartner-logo\"><div class=\"bildungspartner-content\"><h3 class=\"bildungspartner-title\">Fachhochschule Salzburg<\/h3><h4 class=\"bildungspartner-subtitle\">University of Applied Sciences<\/h4><div class=\"bildungspartner-anschrift\"><p>FH Salzburg GmbH<br \/>\nMarkt 136a<br \/>\nA-5431 Kuchl<\/p>\n<\/div><\/div><\/div><div class=\"bildungspartner-item\"><img decoding=\"async\" src=\"https:\/\/nova-ava.de\/wp-content\/uploads\/20.png\" alt=\"Hochschule Trier Logo\" class=\"bildungspartner-logo\"><div class=\"bildungspartner-content\"><h3 class=\"bildungspartner-title\">Hochschule Trier<\/h3><h4 class=\"bildungspartner-subtitle\">University of Applied Sciences<\/h4><div class=\"bildungspartner-anschrift\"><p>Hochschule Trier<br \/>\nFachbereich Bauen+Leben<br \/>\nSchneidershof<br \/>\n54293 Trier<\/p>\n<\/div><\/div><\/div><div class=\"bildungspartner-item\"><img decoding=\"async\" src=\"https:\/\/nova-ava.de\/wp-content\/uploads\/1.png\" alt=\"Bergische Universit\u00e4t Wuppertal Logo\" class=\"bildungspartner-logo\"><div class=\"bildungspartner-content\"><h3 class=\"bildungspartner-title\">Bergische Universit\u00e4t Wuppertal<\/h3><div class=\"bildungspartner-anschrift\"><p>Bergische Universit\u00e4t Wuppertal<br \/>\nFakult\u00e4t f\u00fcr Architektur und Bauingenieurwesen<br \/>\nBIM-Institut<br \/>\nPauluskirchstra\u00dfe 7<br \/>\n42285 Wuppertal<\/p>\n<\/div><\/div><\/div><div class=\"bildungspartner-item\"><img decoding=\"async\" src=\"https:\/\/nova-ava.de\/wp-content\/uploads\/27.png\" alt=\"Hochschule f\u00fcr angewandte Wissenschaften W\u00fcrzburg-Schweinfurt Logo\" class=\"bildungspartner-logo\"><div class=\"bildungspartner-content\"><h3 class=\"bildungspartner-title\">Hochschule f\u00fcr angewandte Wissenschaften W\u00fcrzburg-Schweinfurt<\/h3><div class=\"bildungspartner-anschrift\"><p>Hochschule W\u00fcrzburg-Schweinfurt<br \/>\nFakult\u00e4t Architektur und Bauingenieurwesen<br \/>\nR\u00f6ntgenring 8 I<br \/>\n97070 W\u00fcrzburg<\/p>\n<\/div><\/div><\/div><div class=\"bildungspartner-item\"><img decoding=\"async\" src=\"https:\/\/nova-ava.de\/wp-content\/uploads\/2.png\" alt=\"Europa-Berufsschule Weiden Logo\" class=\"bildungspartner-logo\"><div class=\"bildungspartner-content\"><h3 class=\"bildungspartner-title\">Europa-Berufsschule Weiden<\/h3><div class=\"bildungspartner-anschrift\"><p>BERUFLICHES SCHULZENTRUM WEIDEN<br \/>\nEuropa-Berufsschule<br \/>\nStaatl. Berufsfachschule f\u00fcr Fremdsprachenberufe<br \/>\nStaatl. Fachakademie f\u00fcr Sprachen &amp; internat. Kommunikation<\/p>\n<p>Stockerhutweg 52<br \/>\n92637 Weiden i.d.OPf.<\/p>\n<\/div><\/div><\/div><div class=\"bildungspartner-item\"><img decoding=\"async\" src=\"https:\/\/nova-ava.de\/wp-content\/uploads\/11.png\" alt=\"Alanus Hochschule f\u00fcr Kunst und Gesellschaft Logo\" class=\"bildungspartner-logo\"><div class=\"bildungspartner-content\"><h3 class=\"bildungspartner-title\">Alanus Hochschule f\u00fcr Kunst und Gesellschaft<\/h3><div class=\"bildungspartner-anschrift\"><p>ALANUS HOCHSCHULE F\u00dcR KUNST UND GESELLSCHAFT<br \/>\nAlanus University of Arts and Social Sciences<br \/>\nVillestra\u00dfe 3 \u2013 53347 Alfter (bei Bonn)<\/p>\n<\/div><\/div><\/div><div class=\"bildungspartner-item\"><img decoding=\"async\" src=\"https:\/\/nova-ava.de\/wp-content\/uploads\/5.png\" alt=\"MSA - M\u00fcnster School of Architecture Logo\" class=\"bildungspartner-logo\"><div class=\"bildungspartner-content\"><h3 class=\"bildungspartner-title\">MSA - M\u00fcnster School of Architecture<\/h3><div class=\"bildungspartner-anschrift\"><p>FH M\u00dcNSTER \/ MSA M\u00dcNSTER SCHOOL OF ARCHITECTURE<br \/>\nLeonardo-Campus 5<br \/>\n48149 M\u00fcnster<\/p>\n<\/div><\/div><\/div><div class=\"bildungspartner-item\"><img decoding=\"async\" src=\"https:\/\/nova-ava.de\/wp-content\/uploads\/8.png\" alt=\"HFR - Hochschule f\u00fcr Forstwirtschaft Rottenburg Logo\" class=\"bildungspartner-logo\"><div class=\"bildungspartner-content\"><h3 class=\"bildungspartner-title\">HFR - Hochschule f\u00fcr Forstwirtschaft Rottenburg<\/h3><div class=\"bildungspartner-anschrift\"><p>HOCHSCHULE F\u00dcR FORSTWIRTSCHAFT ROTTENBURG<br \/>\nSchadenweilerhof<br \/>\n72108 Rottenburg a.N.<\/p>\n<\/div><\/div><\/div><div class=\"bildungspartner-item\"><img decoding=\"async\" src=\"https:\/\/nova-ava.de\/wp-content\/uploads\/30.png\" alt=\"Universit\u00e4t Stuttgart - Institut f\u00fcr Bau\u00f6konomie Logo\" class=\"bildungspartner-logo\"><div class=\"bildungspartner-content\"><h3 class=\"bildungspartner-title\">Universit\u00e4t Stuttgart - Institut f\u00fcr Bau\u00f6konomie<\/h3><div class=\"bildungspartner-anschrift\"><p>UNIVERSIT\u00c4T STUTTGART<br \/>\nINSTITUT F\u00dcR BAU\u00d6KONOMIE<\/p>\n<p>Keplerstra\u00dfe 11<br \/>\n70174 Stuttgart<\/p>\n<\/div><\/div><\/div><\/div><\/div>\n","protected":false},"excerpt":{"rendered":"<p>Home The company Research and teaching NOVA AVA in research and teaching More than 3000 students at 29 universities and universities of applied sciences already have access to NOVA AVA. We support educational institutions as well as individual students with free licenses. Free university licenses NOVA AVA university licenses are free of charge and can [&hellip;]<\/p>\n","protected":false},"author":3,"featured_media":0,"parent":9317,"menu_order":0,"comment_status":"closed","ping_status":"closed","template":"","meta":{"_acf_changed":false,"footnotes":""},"class_list":["post-9298","page","type-page","status-publish","hentry"],"acf":[],"_links":{"self":[{"href":"https:\/\/nova-ava.de\/en\/wp-json\/wp\/v2\/pages\/9298","targetHints":{"allow":["GET"]}}],"collection":[{"href":"https:\/\/nova-ava.de\/en\/wp-json\/wp\/v2\/pages"}],"about":[{"href":"https:\/\/nova-ava.de\/en\/wp-json\/wp\/v2\/types\/page"}],"author":[{"embeddable":true,"href":"https:\/\/nova-ava.de\/en\/wp-json\/wp\/v2\/users\/3"}],"replies":[{"embeddable":true,"href":"https:\/\/nova-ava.de\/en\/wp-json\/wp\/v2\/comments?post=9298"}],"version-history":[{"count":2,"href":"https:\/\/nova-ava.de\/en\/wp-json\/wp\/v2\/pages\/9298\/revisions"}],"predecessor-version":[{"id":11109,"href":"https:\/\/nova-ava.de\/en\/wp-json\/wp\/v2\/pages\/9298\/revisions\/11109"}],"up":[{"embeddable":true,"href":"https:\/\/nova-ava.de\/en\/wp-json\/wp\/v2\/pages\/9317"}],"wp:attachment":[{"href":"https:\/\/nova-ava.de\/en\/wp-json\/wp\/v2\/media?parent=9298"}],"curies":[{"name":"wp","href":"https:\/\/api.w.org\/{rel}","templated":true}]}}